{"id":1455,"date":"2020-06-18T11:58:54","date_gmt":"2020-06-18T09:58:54","guid":{"rendered":"https:\/\/www.neromarmoles.es\/?page_id=1455"},"modified":"2020-06-18T12:22:46","modified_gmt":"2020-06-18T10:22:46","slug":"politica-de-cookies","status":"publish","type":"page","link":"https:\/\/www.neromarmoles.es\/en\/politica-de-cookies\/","title":{"rendered":"Pol\u00edtica de Cookies"},"content":{"rendered":"<p>[et_pb_section fb_built=\u00bb1&#8243; _builder_version=\u00bb4.4.8&#8243;][et_pb_row _builder_version=\u00bb4.4.8&#8243;][et_pb_column _builder_version=\u00bb4.4.8&#8243; type=\u00bb4_4&#8243;][et_pb_text _builder_version=\u00bb4.4.8&#8243; hover_enabled=\u00bb0&#8243;]<\/p>\n<h1>POL\u00cdTICA DE COOKIES<\/h1>\n<p>&nbsp;<\/p>\n<h4>INFORMACI\u00d3N SOBRE COOKIES<\/h4>\n<p>Debido a la entrada en vigor de la referente modificaci\u00f3n de la \u00abLey de Servicios de la Sociedad de la Informaci\u00f3n\u00bb<br \/> (LSSICE) establecida por el Real Decreto 13\/2012, es de obligaci\u00f3n obtener el consentimiento expreso del usuario de<br \/> todas las p\u00e1ginas web que usan cookies prescindibles, antes de que este navegue por ellas.<\/p>\n<p>&nbsp;<\/p>\n<h4>\u00bfQU\u00c9 SON LAS COOKIES?<\/h4>\n<p>Las cookies y otras tecnolog\u00edas similares tales como local shared objects, flash cookies o p\u00edxeles, son herramientas<br \/> empleadas por los servidores Web para almacenar y recuperar informaci\u00f3n acerca de sus visitantes, as\u00ed como para<br \/> ofrecer un correcto funcionamiento del sitio.<\/p>\n<p> Mediante el uso de estos dispositivos se permite al servidor Web recordar algunos datos concernientes al usuario,<br \/> como sus preferencias para la visualizaci\u00f3n de las p\u00e1ginas de ese servidor, nombre y contrase\u00f1a, productos que m\u00e1s le<br \/> interesan, etc.<\/p>\n<p>&nbsp;<\/p>\n<h4>COOKIES AFECTADAS POR LA NORMATIVA Y COOKIES EXCEPTUADAS<\/h4>\n<p>Seg\u00fan la directiva de la UE, las cookies que requieren el consentimiento informado por parte del usuario son las cookies de anal\u00edtica y las de publicidad y afiliaci\u00f3n, quedando exceptuadas las de car\u00e1cter t\u00e9cnico y las necesarias para el<br \/> funcionamiento del sitio web o la prestaci\u00f3n de servicios expresamente solicitados por el usuario.<\/p>\n<p>&nbsp;<\/p>\n<h4>TIPOS DE COOKIES<\/h4>\n<p>&nbsp;<\/p>\n<p><strong>SEG\u00daN LA FINALIDAD<br \/><\/strong><br \/> <strong>Cookies t\u00e9cnicas y funcionales:<\/strong> son aquellas que permiten al usuario la navegaci\u00f3n a trav\u00e9s de una p\u00e1gina\u00a0web, plataforma o aplicaci\u00f3n y la utilizaci\u00f3n de las diferentes opciones o servicios que en ella existan.<\/p>\n<p> <strong>Cookies anal\u00edticas:<\/strong> son aquellas que permiten al responsable de las mismas el seguimiento y an\u00e1lisis del comportamiento de los usuarios de los sitios web a los que est\u00e1n vinculadas. La informaci\u00f3n recogida mediante\u00a0este tipo de cookies se utiliza en la medici\u00f3n de la actividad de los sitios web, aplicaci\u00f3n o plataforma y para la\u00a0elaboraci\u00f3n de perfiles de navegaci\u00f3n de los usuarios de dichos sitios, aplicaciones y plataformas, con el fin de\u00a0introducir mejoras en funci\u00f3n del an\u00e1lisis de los datos de uso que hacen los usuarios del servicio.<\/p>\n<p> <strong>Cookies publicitarias:<\/strong> son aquellas que permiten la gesti\u00f3n, de la forma m\u00e1s eficaz posible, de los espacios\u00a0publicitarios que, en su caso, el editor haya incluido en una p\u00e1gina web, aplicaci\u00f3n o plataforma desde la que\u00a0presta el servicio solicitado en base a criterios como el contenido editado o la frecuencia en la que se muestran\u00a0los anuncios.<\/p>\n<p> <strong>Cookies de publicidad comportamental:<\/strong> recogen informaci\u00f3n sobre las preferencias y elecciones personales\u00a0del usuario (retargeting) para permitir la gesti\u00f3n, de la forma m\u00e1s eficaz posible, de los espacios publicitarios\u00a0que, en su caso, el editor haya incluido en una p\u00e1gina web, aplicaci\u00f3n o plataforma desde la que presta el\u00a0servicio solicitado.<\/p>\n<p> <strong>Cookies sociales:<\/strong> son establecidas por las plataformas de redes sociales en los servicios para permitirle\u00a0compartir contenido con sus amigos y redes. Las plataformas de medios sociales tienen la capacidad de rastrear\u00a0su actividad en l\u00ednea fuera de los Servicios. Esto puede afectar al contenido y los mensajes que ve en otros\u00a0servicios que visita.<\/p>\n<p> <strong>Cookies de afiliados:<\/strong> permiten hacer un seguimiento de las visitas procedentes de otras webs, con las que el\u00a0sitio web establece un contrato de afiliaci\u00f3n (empresas de afiliaci\u00f3n).<br \/> Cookies de seguridad: almacenan informaci\u00f3n cifrada para evitar que los datos guardados en ellas sean\u00a0vulnerables a ataques maliciosos de terceros.<\/p>\n<p>&nbsp;<\/p>\n<p> <strong>SEG\u00daN LA PROPIEDAD<br \/><\/strong><br \/><strong> Cookies propias:<\/strong> son aquellas que se env\u00edan al equipo terminal del usuario desde un equipo o dominio\u00a0gestionado por el propio editor y desde el que se presta el servicio solicitado por el usuario.<\/p>\n<p> <strong>Cookies de terceros:<\/strong> son aquellas que se env\u00edan al equipo terminal del usuario desde un equipo o dominio\u00a0que no es gestionado por el editor, sino por otra entidad que trata los datos obtenidos trav\u00e9s de las cookies.<\/p>\n<p>&nbsp;<\/p>\n<p> <strong>SEG\u00daN EL PLAZO DE CONSERVACI\u00d3N<\/strong><\/p>\n<p> <strong>Cookies de sesi\u00f3n:<\/strong> son un tipo de cookies dise\u00f1adas para recabar y almacenar datos mientras el usuario\u00a0accede a una p\u00e1gina web.<\/p>\n<p> <strong>Cookies persistentes:<\/strong> son un tipo de cookies en el que los datos siguen almacenados en el terminal y pueden\u00a0ser accedidos y tratados durante un per\u00edodo definido por el responsable de la cookie, y que puede ir de unos\u00a0minutos a varios a\u00f1os.<\/p>\n<p>&nbsp;<\/p>\n<p><strong>TRATAMIENTO DE DATOS PERSONALES<\/strong><\/p>\n<p>NERO MARMOLES SL es el <strong>Responsable del tratamiento<\/strong> de los datos personales del <strong>Interesado<\/strong> y le informa de que<br \/> estos datos ser\u00e1n tratados de conformidad con lo dispuesto en el Reglamento (UE) 2016\/679, de 27 de abril de 2016<br \/> (GDPR), por lo que se le facilita la siguiente informaci\u00f3n del tratamiento:<\/p>\n<p> <strong>Fines del tratamiento:<\/strong> seg\u00fan se especifica en el apartado de cookies que se utilizan en este sitio web.<\/p>\n<p> <strong>Legitimaci\u00f3n del tratamiento:<\/strong> por consentimiento del interesado (art. 6.1 GDPR).<\/p>\n<p> <strong>Criterios de conservaci\u00f3n de los datos:<\/strong> seg\u00fan se especifica en el apartado de cookies utilizadas en la web.<\/p>\n<p> <strong>Comunicaci\u00f3n de los datos:<\/strong> no se comunicar\u00e1n los datos a terceros, excepto en cookies propiedad de terceros o por<br \/> obligaci\u00f3n legal.<\/p>\n<p> <strong>Derechos que asisten al Interesado:<\/strong><br \/> &#8211; Derecho a retirar el consentimiento en cualquier momento.<br \/> &#8211; Derecho de acceso, rectificaci\u00f3n, portabilidad y supresi\u00f3n de sus datos, y de limitaci\u00f3n u oposici\u00f3n a su tratamiento.<br \/> &#8211; Derecho a presentar una reclamaci\u00f3n ante la Autoridad de control (www.aepd.es) si considera que el tratamiento no<br \/> se ajusta a la normativa vigente.<\/p>\n<p> <strong>Datos de contacto para ejercer sus derechos:<\/strong><\/p>\n<p>NERO MARMOLES SL. AVDA JESUS NAVARRO JOVER, 17, &#8211; 03660 NOVELDA (Alicante).<br \/> Email: INFO@NEROMARMOLES.COM<\/p>\n<p>[\/et_pb_text][\/et_pb_column][\/et_pb_row][\/et_pb_section]<\/p>","protected":false},"excerpt":{"rendered":"<p>POL\u00cdTICA DE COOKIES &nbsp; INFORMACI\u00d3N SOBRE COOKIES Debido a la entrada en vigor de la referente modificaci\u00f3n de la \u00abLey de Servicios de la Sociedad de la Informaci\u00f3n\u00bb (LSSICE) establecida por el Real Decreto 13\/2012, es de obligaci\u00f3n obtener el consentimiento expreso del usuario de todas las p\u00e1ginas web que usan cookies prescindibles, antes de [&hellip;]<\/p>","protected":false},"author":1,"featured_media":0,"parent":0,"menu_order":0,"comment_status":"closed","ping_status":"closed","template":"","meta":{"_et_pb_use_builder":"on","_et_pb_old_content":"<!-- wp:divi\/placeholder \/-->","_et_gb_content_width":"","_monsterinsights_skip_tracking":false,"_monsterinsights_sitenote_active":false,"_monsterinsights_sitenote_note":"","_monsterinsights_sitenote_category":0,"footnotes":""},"class_list":["post-1455","page","type-page","status-publish","hentry"],"_links":{"self":[{"href":"https:\/\/www.neromarmoles.es\/en\/wp-json\/wp\/v2\/pages\/1455","targetHints":{"allow":["GET"]}}],"collection":[{"href":"https:\/\/www.neromarmoles.es\/en\/wp-json\/wp\/v2\/pages"}],"about":[{"href":"https:\/\/www.neromarmoles.es\/en\/wp-json\/wp\/v2\/types\/page"}],"author":[{"embeddable":true,"href":"https:\/\/www.neromarmoles.es\/en\/wp-json\/wp\/v2\/users\/1"}],"replies":[{"embeddable":true,"href":"https:\/\/www.neromarmoles.es\/en\/wp-json\/wp\/v2\/comments?post=1455"}],"version-history":[{"count":3,"href":"https:\/\/www.neromarmoles.es\/en\/wp-json\/wp\/v2\/pages\/1455\/revisions"}],"predecessor-version":[{"id":1459,"href":"https:\/\/www.neromarmoles.es\/en\/wp-json\/wp\/v2\/pages\/1455\/revisions\/1459"}],"wp:attachment":[{"href":"https:\/\/www.neromarmoles.es\/en\/wp-json\/wp\/v2\/media?parent=1455"}],"curies":[{"name":"wp","href":"https:\/\/api.w.org\/{rel}","templated":true}]}}