{"id":1462,"date":"2020-06-18T18:28:15","date_gmt":"2020-06-18T16:28:15","guid":{"rendered":"https:\/\/www.neromarmoles.es\/?page_id=1462"},"modified":"2020-06-18T18:28:16","modified_gmt":"2020-06-18T16:28:16","slug":"aviso-legal","status":"publish","type":"page","link":"https:\/\/www.neromarmoles.es\/en\/aviso-legal\/","title":{"rendered":"Aviso Legal"},"content":{"rendered":"[et_pb_section fb_built=\u00bb1&#8243; _builder_version=\u00bb4.4.8&#8243;][et_pb_row _builder_version=\u00bb4.4.8&#8243;][et_pb_column type=\u00bb4_4&#8243; _builder_version=\u00bb4.4.8&#8243;][et_pb_text _builder_version=\u00bb4.4.8&#8243; hover_enabled=\u00bb0&#8243; text_line_height=\u00bb1.8em\u00bb]<h1><\/h1>\n<h1>AVISO LEGAL<\/h1>\n<p><span style=\"font-size: 16px;\">\u00a0<\/span><\/p>\n<h3>LEY DE LOS SERVICIOS DE LA SOCIEDAD DE LA INFORMACI\u00d3N (LSSI)<\/h3>\n<p>&nbsp;<\/p>\n<p><strong>NERO MARMOLES SL<\/strong>, responsable del sitio web, en adelante <strong>RESPONSABLE<\/strong>, pone a disposici\u00f3n de los usuarios el\u00a0presente documento, con el que pretende dar cumplimiento a las obligaciones dispuestas en la Ley 34\/2002, de\u00a011 de julio, de Servicios de la Sociedad de la Informaci\u00f3n y de Comercio Electr\u00f3nico (LSSICE), BOE N.\u00ba 166, as\u00ed\u00a0como informar a todos los usuarios del sitio web respecto a cu\u00e1les son las condiciones de uso.<\/p>\n<p>Toda persona que acceda a este sitio web asume el papel de usuario, comprometi\u00e9ndose a la observancia y\u00a0cumplimiento riguroso de las disposiciones aqu\u00ed dispuestas, as\u00ed como a cualquier otra disposici\u00f3n legal que fuera\u00a0de aplicaci\u00f3n.<\/p>\n<p>NERO MARMOLES SL se reserva el derecho de modificar cualquier tipo de informaci\u00f3n que pudiera aparecer en\u00a0el sitio web, sin que exista obligaci\u00f3n de preavisar o poner en conocimiento de los usuarios dichas obligaciones,\u00a0entendi\u00e9ndose como suficiente la publicaci\u00f3n en el sitio web de NERO MARMOLES SL.<\/p>\n<p>&nbsp;<\/p>\n<h4><strong>1. DATOS IDENTIFICATIVOS<\/strong><\/h4>\n<p>Nombre de dominio: neromarmoles.es<br \/> Nombre comercial: NERO MARMOLES SL<br \/> Denominaci\u00f3n social: NERO MARMOLES SL<br \/> NIF: B54422365<br \/> Domicilio social: AVDA JESUS NAVARRO JOVER, 17 , 03660 NOVELDA (ALICANTE)<br \/> Tel\u00e9fono: 966197828<br \/> e-mail: INFO@NEROMARMOLES.COM<br \/> Inscrita en el Registro (Mercantil \/ P\u00fablico):<\/p>\n<p>&nbsp;<\/p>\n<h4><strong> 2. DERECHOS DE PROPIEDAD INTELECTUAL E INDUSTRIAL<\/strong><\/h4>\n<p>El sitio web, incluyendo a t\u00edtulo enunciativo pero no limitativo su programaci\u00f3n, edici\u00f3n, compilaci\u00f3n y dem\u00e1s\u00a0elementos necesarios para su funcionamiento, los dise\u00f1os, logotipos, texto y\/o gr\u00e1ficos, son propiedad del\u00a0RESPONSABLE o, si es el caso, dispone de licencia o autorizaci\u00f3n expresa por parte de los autores. Todos los<br \/> contenidos del sitio web se encuentran debidamente protegidos por la normativa de propiedad intelectual e\u00a0industrial, as\u00ed como inscritos en los registros p\u00fablicos correspondientes.<\/p>\n<p>Independientemente de la finalidad para la que fueran destinados, la reproducci\u00f3n total o parcial, uso,\u00a0explotaci\u00f3n, distribuci\u00f3n y comercializaci\u00f3n, requiere en todo caso la autorizaci\u00f3n escrita previa por parte del\u00a0RESPONSABLE. Cualquier uso no autorizado previamente se considera un incumplimiento grave de los derechos<br \/> de propiedad intelectual o industrial del autor.<\/p>\n<p>Los dise\u00f1os, logotipos, texto y\/o gr\u00e1ficos ajenos al RESPONSABLE y que pudieran aparecer en el sitio web,\u00a0pertenecen a sus respectivos propietarios, siendo ellos mismos responsables de cualquier posible controversia\u00a0que pudiera suscitarse respecto a los mismos. El RESPONSABLE autoriza expresamente a que terceros puedan\u00a0redirigir directamente a los contenidos concretos del sitio web, y en todo caso redirigir al sitio web principal de\u00a0neromarmoles.es.<\/p>\n<p>El RESPONSABLE reconoce a favor de sus titulares los correspondientes derechos de propiedad intelectual e\u00a0industrial, no implicando su sola menci\u00f3n o aparici\u00f3n en el sitio web la existencia de derechos o responsabilidad\u00a0alguna sobre los mismos, como tampoco respaldo, patrocinio o recomendaci\u00f3n por parte del mismo.<\/p>\n<p>Para realizar cualquier tipo de observaci\u00f3n respecto a posibles incumplimientos de los derechos de propiedad\u00a0intelectual o industrial, as\u00ed como sobre cualquiera de los contenidos del sitio web, puede hacerlo a trav\u00e9s del\u00a0correo electr\u00f3nico <a href=\"mailto:INFO@NEROMARMOLES.COM\">INFO@NEROMARMOLES.COM<\/a>.<\/p>\n<p>&nbsp;<\/p>\n<h4><strong> 3. EXENCI\u00d3N DE RESPONSABILIDADES<\/strong><\/h4>\n<p>El RESPONSABLE se exime de cualquier tipo de responsabilidad derivada de la informaci\u00f3n publicada en su sitio\u00a0web siempre que esta informaci\u00f3n haya sido manipulada o introducida por un tercero ajeno al mismo.<\/p>\n<p><strong>Uso de Cookies<\/strong><\/p>\n<p>Este sitio web puede utilizar cookies t\u00e9cnicas (peque\u00f1os archivos de informaci\u00f3n que el servidor env\u00eda al\u00a0ordenador de quien accede a la p\u00e1gina) para llevar a cabo determinadas funciones que son consideradas\u00a0imprescindibles para el correcto funcionamiento y visualizaci\u00f3n del sitio. Las cookies utilizadas tienen, en todo\u00a0caso, car\u00e1cter temporal, con la \u00fanica finalidad de hacer m\u00e1s eficaz la navegaci\u00f3n, y desaparecen al terminar la\u00a0sesi\u00f3n del usuario. En ning\u00fan caso, estas cookies proporcionan por s\u00ed mismas datos de car\u00e1cter personal y no se\u00a0utilizar\u00e1n para la recogida de los mismos.<\/p>\n<p>Mediante el uso de cookies tambi\u00e9n es posible que el servidor donde se encuentra la web reconozca el\u00a0navegador utilizado por el usuario con la finalidad de que la navegaci\u00f3n sea m\u00e1s sencilla, permitiendo, por\u00a0ejemplo, el acceso de los usuarios que se hayan registrado previamente a las \u00e1reas, servicios, promociones o<br \/> concursos reservados exclusivamente a ellos sin tener que registrarse en cada visita. Tambi\u00e9n se pueden utilizar\u00a0para medir la audiencia, par\u00e1metros de tr\u00e1fico, controlar el progreso y n\u00famero de entradas, etc., siendo en estos\u00a0casos cookies prescindibles t\u00e9cnicamente, pero beneficiosas para el usuario. Este sitio web no instalar\u00e1 cookies\u00a0prescindibles sin el consentimiento previo del usuario.<\/p>\n<p>El usuario tiene la posibilidad de configurar su navegador para ser alertado de la recepci\u00f3n de cookies y para\u00a0impedir su instalaci\u00f3n en su equipo. Por favor, consulte las instrucciones de su navegador para ampliar esta\u00a0informaci\u00f3n.<\/p>\n<h4><\/h4>\n<p><strong>Pol\u00edtica de enlaces<\/strong><\/p>\n<p><strong><\/strong><\/p>\n<p>Desde el sitio web, es posible que se redirija a contenidos de terceros sitios web. Dado que el RESPONSABLE no\u00a0puede controlar siempre los contenidos introducidos por terceros en sus respectivos sitios web, no asume\u00a0ning\u00fan tipo de responsabilidad respecto a dichos contenidos. En todo caso, proceder\u00e1 a la retirada inmediata de\u00a0cualquier contenido que pudiera contravenir la legislaci\u00f3n nacional o internacional, la moral o el orden p\u00fablico,\u00a0procediendo a la retirada inmediata de la redirecci\u00f3n a dicho sitio web, poniendo en conocimiento de las\u00a0autoridades competentes el contenido en cuesti\u00f3n.<\/p>\n<p>El RESPONSABLE no se hace responsable de la informaci\u00f3n y contenidos almacenados, a t\u00edtulo enunciativo pero\u00a0no limitativo, en foros, chats, generadores de blogs, comentarios, redes sociales o cualquier otro medio que\u00a0permita a terceros publicar contenidos de forma independiente en la p\u00e1gina web del RESPONSABLE. Sin\u00a0embargo, y en cumplimiento de lo dispuesto en los art\u00edculos 11 y 16 de la LSSICE, se pone a disposici\u00f3n de todos\u00a0los usuarios, autoridades y fuerzas de seguridad, colaborando de forma activa en la retirada o, en su caso,\u00a0bloqueo de todos aquellos contenidos que puedan afectar o contravenir la legislaci\u00f3n nacional o internacional,\u00a0los derechos de terceros o la moral y el orden p\u00fablico. En caso de que el usuario considere que existe en el sitio\u00a0web alg\u00fan contenido que pudiera ser susceptible de esta clasificaci\u00f3n, se ruega lo notifique de forma inmediata\u00a0al administrador del sitio web.<\/p>\n<p>Este sitio web se ha revisado y probado para que funcione correctamente. En principio, puede garantizarse el\u00a0correcto funcionamiento los 365 d\u00edas del a\u00f1o, 24 horas al d\u00eda. Sin embargo, el RESPONSABLE no descarta la\u00a0posibilidad de que existan ciertos errores de programaci\u00f3n, o que acontezcan causas de fuerza mayor,\u00a0cat\u00e1strofes naturales, huelgas o circunstancias semejantes que hagan imposible el acceso a la p\u00e1gina web.\u00a0<\/p>\n<h4><strong><\/strong><\/h4>\n<h4><strong>Direcciones IP<\/strong><\/h4>\n<p>Los servidores del sitio web podr\u00e1n detectar de manera autom\u00e1tica la direcci\u00f3n IP y el nombre de dominio\u00a0utilizados por el usuario. Una direcci\u00f3n IP es un n\u00famero asignado autom\u00e1ticamente a un ordenador cuando este\u00a0se conecta a Internet. Toda esta informaci\u00f3n se registra en un fichero de actividad del servidor que permite el\u00a0posterior procesamiento de los datos con el fin de obtener mediciones \u00fanicamente estad\u00edsticas que permitan\u00a0conocer el n\u00famero de impresiones de p\u00e1ginas, el n\u00famero de visitas realizadas a los servidores web, el orden de\u00a0visitas, el punto de acceso, etc.<\/p>\n<p>&nbsp;<\/p>\n<h3><strong>4. LEY APLICABLE Y JURISDICCI\u00d3N<\/strong><\/h3>\n<p><strong><\/strong><\/p>\n<p>Para la resoluci\u00f3n de todas las controversias o cuestiones relacionadas con el presente sitio web o de las\u00a0actividades en \u00e9l desarrolladas, ser\u00e1 de aplicaci\u00f3n la legislaci\u00f3n espa\u00f1ola, a la que se someten expresamente las\u00a0partes, siendo competentes para la resoluci\u00f3n de todos los conflictos derivados o relacionados con su uso los\u00a0Juzgados y Tribunales m\u00e1s cercanos a NOVELDA.<\/p>[\/et_pb_text][\/et_pb_column][\/et_pb_row][\/et_pb_section]","protected":false},"excerpt":{"rendered":"<p>AVISO LEGAL \u00a0 LEY DE LOS SERVICIOS DE LA SOCIEDAD DE LA INFORMACI\u00d3N (LSSI) &nbsp; NERO MARMOLES SL, responsable del sitio web, en adelante RESPONSABLE, pone a disposici\u00f3n de los usuarios el\u00a0presente documento, con el que pretende dar cumplimiento a las obligaciones dispuestas en la Ley 34\/2002, de\u00a011 de julio, de Servicios de la Sociedad [&hellip;]<\/p>","protected":false},"author":1,"featured_media":0,"parent":0,"menu_order":0,"comment_status":"closed","ping_status":"closed","template":"","meta":{"_et_pb_use_builder":"on","_et_pb_old_content":"<!-- wp:divi\/placeholder \/-->","_et_gb_content_width":"","_monsterinsights_skip_tracking":false,"_monsterinsights_sitenote_active":false,"_monsterinsights_sitenote_note":"","_monsterinsights_sitenote_category":0,"footnotes":""},"class_list":["post-1462","page","type-page","status-publish","hentry"],"_links":{"self":[{"href":"https:\/\/www.neromarmoles.es\/en\/wp-json\/wp\/v2\/pages\/1462","targetHints":{"allow":["GET"]}}],"collection":[{"href":"https:\/\/www.neromarmoles.es\/en\/wp-json\/wp\/v2\/pages"}],"about":[{"href":"https:\/\/www.neromarmoles.es\/en\/wp-json\/wp\/v2\/types\/page"}],"author":[{"embeddable":true,"href":"https:\/\/www.neromarmoles.es\/en\/wp-json\/wp\/v2\/users\/1"}],"replies":[{"embeddable":true,"href":"https:\/\/www.neromarmoles.es\/en\/wp-json\/wp\/v2\/comments?post=1462"}],"version-history":[{"count":2,"href":"https:\/\/www.neromarmoles.es\/en\/wp-json\/wp\/v2\/pages\/1462\/revisions"}],"predecessor-version":[{"id":1466,"href":"https:\/\/www.neromarmoles.es\/en\/wp-json\/wp\/v2\/pages\/1462\/revisions\/1466"}],"wp:attachment":[{"href":"https:\/\/www.neromarmoles.es\/en\/wp-json\/wp\/v2\/media?parent=1462"}],"curies":[{"name":"wp","href":"https:\/\/api.w.org\/{rel}","templated":true}]}}