{"id":1475,"date":"2020-07-06T12:18:44","date_gmt":"2020-07-06T10:18:44","guid":{"rendered":"https:\/\/www.neromarmoles.es\/?page_id=1475"},"modified":"2020-09-14T10:56:55","modified_gmt":"2020-09-14T08:56:55","slug":"politica-calidad","status":"publish","type":"page","link":"https:\/\/www.neromarmoles.es\/en\/politica-calidad\/","title":{"rendered":"Pol\u00edtica de Calidad"},"content":{"rendered":"<p>[et_pb_section fb_built=\u00bb1&#8243; _builder_version=\u00bb4.4.8&#8243;][et_pb_row _builder_version=\u00bb4.4.8&#8243; custom_padding=\u00bb16px|||||\u00bb][et_pb_column type=\u00bb4_4&#8243; _builder_version=\u00bb4.4.8&#8243;][et_pb_text _builder_version=\u00bb4.4.8&#8243; text_line_height=\u00bb1.8em\u00bb]<\/p>\n<h1>POL\u00cdTICA DE CALIDAD<\/h1>\n<p>&nbsp;<\/p>\n<p><strong>\u00a0La direcci\u00f3n de NERO M\u00c1RMOLES S.L., empresa dedicada a la Fabricaci\u00f3n y Comercializaci\u00f3n de Piedra Natural\u00bb, a trav\u00e9s del presente documento tiene como objetivo establecer las directrices principales de la empresa con la finalidad de:<\/strong><\/p>\n<ul>\n<li>Asegurar una mejora continua del servicio prestado, satisfaciendo siempre tanto los requisitos solicitados por las partes interesadas, as\u00ed como los reglamentarios y\/o legales que sean de aplicaci\u00f3n.<\/li>\n<li>Proporcionar un marco de referencia para establecer y revisar los objetivos de calidad.<\/li>\n<li>Que nuestras partes interesadas perciban y aprecien nuestra mejora continuada.<\/li>\n<li>Alcanzar un elevado grado de fidelizaci\u00f3n de nuestras partes interesadas.<\/li>\n<\/ul>\n<p><strong>Para ello y teniendo de referencia siempre el Sistema de Gesti\u00f3n de la Calidad se establecen las siguientes directrices:<\/strong><\/p>\n<ul>\n<li>La Direcci\u00f3n asume el compromiso de cumplir la Pol\u00edtica de Calidad, los objetivos y LIDERAR el desarrollo e implantaci\u00f3n del Sistema de Gesti\u00f3n y buscar siempre el camino hacia la mejora continua de su eficacia.<\/li>\n<li>El conjunto de personal debe de cumplir con lo dispuesto en los manuales y procedimientos, actuando siempre pensando en la evaluaci\u00f3n de los riesgos.<\/li>\n<li>Contacto continuo con las partes interesadas, para conocer sus necesidades y poder adaptarnos a las mismas.<\/li>\n<li>Aumentar el grado de formaci\u00f3n de nuestro personal que redunde en una mayor satisfacci\u00f3n personal, una mejora en el ambiente de trabajo y una mejora en la prestaci\u00f3n de nuestros servicios.<\/li>\n<li>La organizaci\u00f3n utiliza la metodolog\u00eda de la evaluaci\u00f3n de riesgos de los procesos para prevenir las posibles desviaciones o no conformidades del sistema de gesti\u00f3n de calidad.<\/li>\n<\/ul>\n<p><strong>La direcci\u00f3n de NERO M\u00c1RMOLES S.L., firma la presente pol\u00edtica y asume el compromiso de mantener y hacer extensivo al p\u00fablico en general el contenido de la presente pol\u00edtica.<\/strong><\/p>\n<p>&nbsp;<\/p>\n<p>[\/et_pb_text][\/et_pb_column][\/et_pb_row][\/et_pb_section]<\/p>","protected":false},"excerpt":{"rendered":"<p>POL\u00cdTICA DE CALIDAD &nbsp; \u00a0La direcci\u00f3n de NERO M\u00c1RMOLES S.L., empresa dedicada a la Fabricaci\u00f3n y Comercializaci\u00f3n de Piedra Natural\u00bb, a trav\u00e9s del presente documento tiene como objetivo establecer las directrices principales de la empresa con la finalidad de: Asegurar una mejora continua del servicio prestado, satisfaciendo siempre tanto los requisitos solicitados por las partes [&hellip;]<\/p>","protected":false},"author":1,"featured_media":0,"parent":0,"menu_order":0,"comment_status":"closed","ping_status":"closed","template":"","meta":{"_et_pb_use_builder":"on","_et_pb_old_content":"<!-- wp:divi\/placeholder \/-->","_et_gb_content_width":"","_monsterinsights_skip_tracking":false,"_monsterinsights_sitenote_active":false,"_monsterinsights_sitenote_note":"","_monsterinsights_sitenote_category":0,"footnotes":""},"class_list":["post-1475","page","type-page","status-publish","hentry"],"_links":{"self":[{"href":"https:\/\/www.neromarmoles.es\/en\/wp-json\/wp\/v2\/pages\/1475","targetHints":{"allow":["GET"]}}],"collection":[{"href":"https:\/\/www.neromarmoles.es\/en\/wp-json\/wp\/v2\/pages"}],"about":[{"href":"https:\/\/www.neromarmoles.es\/en\/wp-json\/wp\/v2\/types\/page"}],"author":[{"embeddable":true,"href":"https:\/\/www.neromarmoles.es\/en\/wp-json\/wp\/v2\/users\/1"}],"replies":[{"embeddable":true,"href":"https:\/\/www.neromarmoles.es\/en\/wp-json\/wp\/v2\/comments?post=1475"}],"version-history":[{"count":3,"href":"https:\/\/www.neromarmoles.es\/en\/wp-json\/wp\/v2\/pages\/1475\/revisions"}],"predecessor-version":[{"id":1495,"href":"https:\/\/www.neromarmoles.es\/en\/wp-json\/wp\/v2\/pages\/1475\/revisions\/1495"}],"wp:attachment":[{"href":"https:\/\/www.neromarmoles.es\/en\/wp-json\/wp\/v2\/media?parent=1475"}],"curies":[{"name":"wp","href":"https:\/\/api.w.org\/{rel}","templated":true}]}}