{"id":16,"date":"2019-06-20T17:23:12","date_gmt":"2019-06-20T15:23:12","guid":{"rendered":"http:\/\/www.neromarmoles.es\/?page_id=16"},"modified":"2023-02-02T16:37:04","modified_gmt":"2023-02-02T15:37:04","slug":"contacto","status":"publish","type":"page","link":"https:\/\/www.neromarmoles.es\/en\/contacto\/","title":{"rendered":"Contact"},"content":{"rendered":"<p>[et_pb_section fb_built=\u00bb1&#8243; next_background_color=\u00bb#f7f7f7&#8243; _builder_version=\u00bb4.19.5&#8243; background_color=\u00bb#f7f7f7&#8243; use_background_color_gradient=\u00bbon\u00bb background_color_gradient_stops=\u00bbrgba(26,27,31,0.79) 0%|rgba(26,27,31,0.79) 100%\u00bb background_color_gradient_overlays_image=\u00bbon\u00bb background_color_gradient_start=\u00bbrgba(26,27,31,0.79)\u00bb background_color_gradient_end=\u00bbrgba(26,27,31,0.79)\u00bb background_image=\u00bbhttps:\/\/www.neromarmoles.es\/wp-content\/uploads\/2019\/07\/NeroMarmoles_fabric_13.jpg\u00bb custom_padding=\u00bb8em||8em||true\u00bb top_divider_color=\u00bb#f7f7f7&#8243; bottom_divider_style=\u00bbmountains2&#8243; bottom_divider_flip=\u00bbhorizontal\u00bb hover_enabled=\u00bb0&#8243; global_colors_info=\u00bb{}\u00bb sticky_enabled=\u00bb0&#8243;][et_pb_row _builder_version=\u00bb4.16&#8243; width=\u00bb60%\u00bb width_tablet=\u00bb80%\u00bb width_phone=\u00bb\u00bb width_last_edited=\u00bbon|tablet\u00bb max_width=\u00bb100%\u00bb global_colors_info=\u00bb{}\u00bb][et_pb_column type=\u00bb4_4&#8243; _builder_version=\u00bb4.16&#8243; global_colors_info=\u00bb{}\u00bb][et_pb_text _builder_version=\u00bb4.16&#8243; header_font=\u00bb|700|||||||\u00bb header_text_color=\u00bb#f7f7f7&#8243; header_font_size=\u00bb60px\u00bb global_colors_info=\u00bb{}\u00bb]<\/p>\n<h1>Contact<\/h1>\n<p>[\/et_pb_text][et_pb_divider divider_weight=\u00bb4px\u00bb _builder_version=\u00bb4.16&#8243; width=\u00bb30%\u00bb global_colors_info=\u00bb{}\u00bb][\/et_pb_divider][\/et_pb_column][\/et_pb_row][\/et_pb_section][et_pb_section fb_built=\u00bb1&#8243; _builder_version=\u00bb4.16&#8243; background_color=\u00bb#f7f7f7&#8243; custom_padding=\u00bb8em||8em||true|\u00bb top_divider_style=\u00bbmountains2&#8243; top_divider_color=\u00bb#f7f7f7&#8243; bottom_divider_style=\u00bbmountains2&#8243; bottom_divider_color=\u00bb#f7f7f7&#8243; global_colors_info=\u00bb{}\u00bb][et_pb_row _builder_version=\u00bb4.16&#8243; global_colors_info=\u00bb{}\u00bb][et_pb_column type=\u00bb4_4&#8243; _builder_version=\u00bb4.16&#8243; global_colors_info=\u00bb{}\u00bb][et_pb_text _builder_version=\u00bb4.19.5&#8243; header_font=\u00bb||||||||\u00bb header_2_font=\u00bb|700|||||||\u00bb header_2_text_align=\u00bbcenter\u00bb header_2_font_size=\u00bb40px\u00bb hover_enabled=\u00bb0&#8243; global_colors_info=\u00bb{}\u00bb sticky_enabled=\u00bb0&#8243;]<\/p>\n<h2>How can we help you?<\/h2>\n<p>[\/et_pb_text][et_pb_text _builder_version=\u00bb4.16&#8243; text_font=\u00bb||||||||\u00bb text_orientation=\u00bbcenter\u00bb text_text_align=\u00bbcenter\u00bb global_colors_info=\u00bb{}\u00bb]<\/p>\n<p class=\" translation-block\">Whether you are an individual or an architect, interior designer, marbleist or kitchen shop, we want to hear from you. Leave us your information through the corresponding form and you will receive a response from our team.<\/p>\n<p>[\/et_pb_text][et_pb_contact_form email=\u00bbinfo@neromarmoles.com\u00bb _builder_version=\u00bb4.16&#8243; _unique_id=\u00bbfcfc7163-9c2f-4923-bfcf-6083a26c9eb8&#8243; custom_button=\u00bbon\u00bb button_text_color=\u00bb#1a1b1f\u00bb button_bg_color=\u00bb#f7f7f7&#8243; button_font=\u00bb||||||||\u00bb custom_padding=\u00bb3em||\u00bb global_colors_info=\u00bb{}\u00bb button_text_color__hover_enabled=\u00bbon\u00bb button_text_color__hover=\u00bbrgba(26,27,31,0.71)\u00bb button_border_color__hover_enabled=\u00bbon\u00bb button_border_color__hover=\u00bbrgba(26,27,31,0.71)\u00bb][et_pb_contact_field field_id=\u00bbName\u00bb field_title=\u00bbNombre\u00bb _builder_version=\u00bb4.16&#8243; global_colors_info=\u00bb{}\u00bb button_text_size__hover_enabled=\u00bboff\u00bb button_one_text_size__hover_enabled=\u00bboff\u00bb button_two_text_size__hover_enabled=\u00bboff\u00bb button_text_color__hover_enabled=\u00bboff\u00bb button_one_text_color__hover_enabled=\u00bboff\u00bb button_two_text_color__hover_enabled=\u00bboff\u00bb button_border_width__hover_enabled=\u00bboff\u00bb button_one_border_width__hover_enabled=\u00bboff\u00bb button_two_border_width__hover_enabled=\u00bboff\u00bb button_border_color__hover_enabled=\u00bboff\u00bb button_one_border_color__hover_enabled=\u00bboff\u00bb button_two_border_color__hover_enabled=\u00bboff\u00bb button_border_radius__hover_enabled=\u00bboff\u00bb button_one_border_radius__hover_enabled=\u00bboff\u00bb button_two_border_radius__hover_enabled=\u00bboff\u00bb button_letter_spacing__hover_enabled=\u00bboff\u00bb button_one_letter_spacing__hover_enabled=\u00bboff\u00bb button_two_letter_spacing__hover_enabled=\u00bboff\u00bb button_bg_color__hover_enabled=\u00bboff\u00bb button_one_bg_color__hover_enabled=\u00bboff\u00bb button_two_bg_color__hover_enabled=\u00bboff\u00bb][\/et_pb_contact_field][et_pb_contact_field field_id=\u00bbEmail\u00bb field_title=\u00bbDirecci\u00f3n de correo electr\u00f3nico\u00bb field_type=\u00bbemail\u00bb _builder_version=\u00bb4.16&#8243; global_colors_info=\u00bb{}\u00bb button_text_size__hover_enabled=\u00bboff\u00bb button_one_text_size__hover_enabled=\u00bboff\u00bb button_two_text_size__hover_enabled=\u00bboff\u00bb button_text_color__hover_enabled=\u00bboff\u00bb button_one_text_color__hover_enabled=\u00bboff\u00bb button_two_text_color__hover_enabled=\u00bboff\u00bb button_border_width__hover_enabled=\u00bboff\u00bb button_one_border_width__hover_enabled=\u00bboff\u00bb button_two_border_width__hover_enabled=\u00bboff\u00bb button_border_color__hover_enabled=\u00bboff\u00bb button_one_border_color__hover_enabled=\u00bboff\u00bb button_two_border_color__hover_enabled=\u00bboff\u00bb button_border_radius__hover_enabled=\u00bboff\u00bb button_one_border_radius__hover_enabled=\u00bboff\u00bb button_two_border_radius__hover_enabled=\u00bboff\u00bb button_letter_spacing__hover_enabled=\u00bboff\u00bb button_one_letter_spacing__hover_enabled=\u00bboff\u00bb button_two_letter_spacing__hover_enabled=\u00bboff\u00bb button_bg_color__hover_enabled=\u00bboff\u00bb button_one_bg_color__hover_enabled=\u00bboff\u00bb button_two_bg_color__hover_enabled=\u00bboff\u00bb][\/et_pb_contact_field][et_pb_contact_field field_id=\u00bbMessage\u00bb field_title=\u00bbMensaje\u00bb field_type=\u00bbtext\u00bb fullwidth_field=\u00bbon\u00bb _builder_version=\u00bb4.16&#8243; global_colors_info=\u00bb{}\u00bb button_text_size__hover_enabled=\u00bboff\u00bb button_one_text_size__hover_enabled=\u00bboff\u00bb button_two_text_size__hover_enabled=\u00bboff\u00bb button_text_color__hover_enabled=\u00bboff\u00bb button_one_text_color__hover_enabled=\u00bboff\u00bb button_two_text_color__hover_enabled=\u00bboff\u00bb button_border_width__hover_enabled=\u00bboff\u00bb button_one_border_width__hover_enabled=\u00bboff\u00bb button_two_border_width__hover_enabled=\u00bboff\u00bb button_border_color__hover_enabled=\u00bboff\u00bb button_one_border_color__hover_enabled=\u00bboff\u00bb button_two_border_color__hover_enabled=\u00bboff\u00bb button_border_radius__hover_enabled=\u00bboff\u00bb button_one_border_radius__hover_enabled=\u00bboff\u00bb button_two_border_radius__hover_enabled=\u00bboff\u00bb button_letter_spacing__hover_enabled=\u00bboff\u00bb button_one_letter_spacing__hover_enabled=\u00bboff\u00bb button_two_letter_spacing__hover_enabled=\u00bboff\u00bb button_bg_color__hover_enabled=\u00bboff\u00bb button_one_bg_color__hover_enabled=\u00bboff\u00bb button_two_bg_color__hover_enabled=\u00bboff\u00bb][\/et_pb_contact_field][\/et_pb_contact_form][et_pb_toggle title=\u00bbCONSENTIMIENTO TRATAMIENTO DATOS PERSONALES\u00bb icon_color=\u00bb#fcd309&#8243; open_icon_color=\u00bb#fcd309&#8243; _builder_version=\u00bb4.16&#8243; global_colors_info=\u00bb{}\u00bb]<\/p>\n<p><strong>NERO MARMOLES SL<\/strong> es el Responsable del tratamiento de los datos personales del usuario y le informa de que\u00a0estos datos se tratar\u00e1n de conformidad con lo dispuesto en el Reglamento (UE) 2016\/679, de 27 de abril (GDPR),\u00a0y la Ley Org\u00e1nica 3\/2018, de 5 de diciembre (LOPDGDD), por lo que se le facilita la siguiente informaci\u00f3n del\u00a0tratamiento:<\/p>\n<p><strong>Fines y legitimaci\u00f3n del tratamiento:<\/strong> mantener una relaci\u00f3n comercial (por inter\u00e9s leg\u00edtimo del responsable,\u00a0art. 6.1.f GDPR) y el env\u00edo de comunicaciones de productos o servicios (por consentimiento del interesado, art.\u00a06.1.a GDPR).<\/p>\n<p><strong>Criterios de conservaci\u00f3n de los datos:<\/strong> se conservar\u00e1n durante no m\u00e1s tiempo del necesario para mantener el\u00a0fin del tratamiento o mientras existan prescripciones legales que dictaminen su custodia y cuando ya no sea\u00a0necesario para ello, se suprimir\u00e1n con medidas de seguridad adecuadas para garantizar la anonimizaci\u00f3n de los\u00a0datos o la destrucci\u00f3n total de los mismos.<\/p>\n<p><strong>Comunicaci\u00f3n de los datos:<\/strong> no se comunicar\u00e1n los datos a terceros, salvo obligaci\u00f3n legal.<\/p>\n<p><strong>Derechos que asisten al usuario:<\/strong> derecho a retirar el consentimiento en cualquier momento. Derecho de\u00a0acceso, rectificaci\u00f3n, portabilidad y supresi\u00f3n de sus datos, y de limitaci\u00f3n u oposici\u00f3n a su tratamiento.<\/p>\n<p>Derecho a presentar una reclamaci\u00f3n ante la Autoridad de control (www.aepd.es) si considera que el\u00a0tratamiento no se ajusta a la normativa vigente.<br \/> Datos de contacto para ejercer sus derechos: INFO@NEROMARMOLES.COM.<\/p>\n<p>[\/et_pb_toggle][\/et_pb_column][\/et_pb_row][et_pb_row column_structure=\u00bb1_3,1_3,1_3&#8243; _builder_version=\u00bb4.16&#8243; custom_margin=\u00bb2em||||false|false\u00bb global_colors_info=\u00bb{}\u00bb][et_pb_column type=\u00bb1_3&#8243; _builder_version=\u00bb4.16&#8243; global_colors_info=\u00bb{}\u00bb][et_pb_blurb title=\u00bbContacto\u00bb use_icon=\u00bbon\u00bb font_icon=\u00bb&#xe010;||divi||400&#8243; icon_color=\u00bb#1a1b1f\u00bb image_icon_background_color=\u00bbrgba(0,0,0,0)\u00bb image_icon_width=\u00bb30px\u00bb _builder_version=\u00bb4.19.5&#8243; body_font=\u00bb||||||||\u00bb image_icon_custom_padding=\u00bb25px|25px|25px|25px|false|false\u00bb text_orientation=\u00bbcenter\u00bb hover_enabled=\u00bb0&#8243; border_radii_image=\u00bbon|100%|100%|100%|100%\u00bb border_width_all_image=\u00bb3px\u00bb border_color_all_image=\u00bb#fcd309&#8243; icon_font_size=\u00bb30px\u00bb use_circle=\u00bbon\u00bb use_circle_border=\u00bbon\u00bb circle_border_color__hover=\u00bb\u00bb circle_border_color__hover_enabled=\u00bbon\u00bb circle_color=\u00bbrgba(0,0,0,0)\u00bb global_colors_info=\u00bb{}\u00bb icon_color__hover_enabled=\u00bbon\u00bb icon_color__hover=\u00bb#fcd309&#8243; border_color_all_image__hover_enabled=\u00bbon\u00bb image_icon_background_color__sticky_enabled=\u00bb#fcd309&#8243; image_icon_background_color__sticky=\u00bb#fcd309&#8243; sticky_enabled=\u00bb0&#8243; header_font=\u00bb|600|||||||\u00bb border_color_all_image__hover=\u00bb#fcd309&#8243;]<\/p>\n<p><a href=\"mailto:info@neromarmoles.com\"><span style=\"color: #656565;\">info@neromarmoles.com<\/span><\/a><\/p>\n<p>[\/et_pb_blurb][\/et_pb_column][et_pb_column type=\u00bb1_3&#8243; _builder_version=\u00bb4.16&#8243; global_colors_info=\u00bb{}\u00bb][et_pb_blurb title=\u00bbDirecci\u00f3n\u00bb use_icon=\u00bbon\u00bb font_icon=\u00bb&#xe009;||divi||400&#8243; icon_color=\u00bb#1a1b1f\u00bb image_icon_background_color=\u00bbrgba(0,0,0,0)\u00bb image_icon_width=\u00bb30px\u00bb _builder_version=\u00bb4.19.5&#8243; image_icon_custom_padding=\u00bb25px|25px|25px|25px|false|false\u00bb text_orientation=\u00bbcenter\u00bb hover_enabled=\u00bb0&#8243; border_radii_image=\u00bbon|100%|100%|100%|100%\u00bb border_width_all_image=\u00bb3px\u00bb border_color_all_image=\u00bb#fcd309&#8243; icon_font_size=\u00bb30px\u00bb use_circle=\u00bbon\u00bb use_circle_border=\u00bbon\u00bb circle_border_color__hover=\u00bb\u00bb circle_border_color__hover_enabled=\u00bbon\u00bb circle_color=\u00bbrgba(0,0,0,0)\u00bb global_colors_info=\u00bb{}\u00bb icon_color__hover_enabled=\u00bbon\u00bb icon_color__hover=\u00bb#fcd309&#8243; border_color_all_image__hover_enabled=\u00bbon\u00bb image_icon_background_color__sticky_enabled=\u00bb#fcd309&#8243; image_icon_background_color__sticky=\u00bb#fcd309&#8243; body_line_height=\u00bb1.4em\u00bb header_font=\u00bb|600|||||||\u00bb sticky_enabled=\u00bb0&#8243; border_color_all_image__hover=\u00bb#fcd309&#8243;]<\/p>\n<p>Av. Jesus Navarro Jover, 17<\/p>\n<p>03660 Novelda (Alicante) SPAIN<\/p>\n<p>[\/et_pb_blurb][\/et_pb_column][et_pb_column type=\u00bb1_3&#8243; _builder_version=\u00bb4.16&#8243; global_colors_info=\u00bb{}\u00bb][et_pb_blurb title=\u00bbTel\u00e9fonos\u00bb use_icon=\u00bbon\u00bb font_icon=\u00bb&#xe00b;||divi||400&#8243; icon_color=\u00bb#1a1b1f\u00bb image_icon_background_color=\u00bbrgba(0,0,0,0)\u00bb image_icon_width=\u00bb30px\u00bb _builder_version=\u00bb4.16&#8243; image_icon_custom_padding=\u00bb25px|25px|25px|25px|false|false\u00bb text_orientation=\u00bbcenter\u00bb border_radii_image=\u00bbon|100%|100%|100%|100%\u00bb border_width_all_image=\u00bb3px\u00bb border_color_all_image=\u00bb#fcd309&#8243; icon_font_size=\u00bb30px\u00bb use_circle=\u00bbon\u00bb use_circle_border=\u00bbon\u00bb circle_border_color__hover=\u00bb\u00bb circle_border_color__hover_enabled=\u00bbon\u00bb circle_color=\u00bbrgba(0,0,0,0)\u00bb global_colors_info=\u00bb{}\u00bb icon_color__hover_enabled=\u00bbon\u00bb icon_color__hover=\u00bb#fcd309&#8243; border_color_all_image__hover_enabled=\u00bbon\u00bb image_icon_background_color__sticky_enabled=\u00bb#fcd309&#8243; image_icon_background_color__sticky=\u00bb#fcd309&#8243; header_font=\u00bb|600|||||||\u00bb border_color_all_image__hover=\u00bb#fcd309&#8243;]+34 <span style=\"color: #656565;\"><a class=\"fl r-iAwKikw0IF5w\" href=\"https:\/\/www.google.com\/search?q=nero+marmoles&amp;oq=nero+marmoles&amp;aqs=chrome..69i57j0l2j69i60l3.3919j0j1&amp;sourceid=chrome&amp;ie=UTF-8#\" data-number=\"+34966197828\" data-pstn-out-call-url=\"\" title=\"Llamar a trav\u00e9s de Hangouts\" jsaction=\"r.oVdbr2mIpA8\" data-rtid=\"iAwKikw0IF5w\" jsl=\"$t t-6xg4lalHw8M;$x 0;\" data-ved=\"2ahUKEwiug8PRit3jAhXmQkEAHRj2B0AQkAgoADAdegQIERAD\" style=\"color: #656565;\">966 19 78 28<\/a><\/span>[\/et_pb_blurb][\/et_pb_column][\/et_pb_row][et_pb_row disabled_on=\u00bboff|on|on\u00bb _builder_version=\u00bb4.16&#8243; custom_margin=\u00bb5em||5em||true\u00bb global_colors_info=\u00bb{}\u00bb][et_pb_column type=\u00bb4_4&#8243; _builder_version=\u00bb4.16&#8243; global_colors_info=\u00bb{}\u00bb][et_pb_text _builder_version=\u00bb4.16&#8243; box_shadow_style=\u00bbpreset3&#8243; global_colors_info=\u00bb{}\u00bb]<iframe loading=\"lazy\" src=\"https:\/\/www.google.com\/maps\/embed?pb=!1m18!1m12!1m3!1d3127.1879903037166!2d-0.7527866843945579!3d38.39090218424394!2m3!1f0!2f0!3f0!3m2!1i1024!2i768!4f13.1!3m3!1m2!1s0xd63c8a904e5fb9d%3A0x85a16dd1b1279de9!2sNERO+MARMOLES!5e0!3m2!1ses!2ses!4v1563191077071!5m2!1ses!2ses\" width=\"100%\" height=\"450\" frameborder=\"0\" style=\"border:0\" allowfullscreen><\/iframe>[\/et_pb_text][\/et_pb_column][\/et_pb_row][\/et_pb_section][et_pb_section fb_built=\u00bb1&#8243; prev_background_color=\u00bb#f7f7f7&#8243; disabled_on=\u00bbon|off|off\u00bb _builder_version=\u00bb4.16&#8243; use_background_color_gradient=\u00bbon\u00bb background_color_gradient_stops=\u00bbrgba(26,27,31,0.79) 0%|rgba(26,27,31,0.79) 100%\u00bb background_color_gradient_overlays_image=\u00bbon\u00bb background_color_gradient_start=\u00bbrgba(26,27,31,0.79)\u00bb background_color_gradient_end=\u00bbrgba(26,27,31,0.79)\u00bb background_image=\u00bbhttps:\/\/www.neromarmoles.es\/wp-content\/uploads\/2019\/07\/NeroMarmoles_fabric_13.jpg\u00bb top_divider_style=\u00bbmountains2&#8243; global_colors_info=\u00bb{}\u00bb][et_pb_row _builder_version=\u00bb4.16&#8243; custom_margin=\u00bb5em||5em||true\u00bb global_colors_info=\u00bb{}\u00bb][et_pb_column type=\u00bb4_4&#8243; _builder_version=\u00bb4.16&#8243; global_colors_info=\u00bb{}\u00bb][et_pb_text _builder_version=\u00bb4.16&#8243; box_shadow_style=\u00bbpreset3&#8243; global_colors_info=\u00bb{}\u00bb]<iframe loading=\"lazy\" src=\"https:\/\/www.google.com\/maps\/embed?pb=!1m18!1m12!1m3!1d3127.1879903037166!2d-0.7527866843945579!3d38.39090218424394!2m3!1f0!2f0!3f0!3m2!1i1024!2i768!4f13.1!3m3!1m2!1s0xd63c8a904e5fb9d%3A0x85a16dd1b1279de9!2sNERO+MARMOLES!5e0!3m2!1ses!2ses!4v1563191077071!5m2!1ses!2ses\" width=\"100%\" height=\"450\" frameborder=\"0\" style=\"border:0\" allowfullscreen><\/iframe>[\/et_pb_text][\/et_pb_column][\/et_pb_row][\/et_pb_section]<\/p>","protected":false},"excerpt":{"rendered":"<p>Contacto\u00bfC\u00f3mo podemos ayudarte?Tanto si eres un particular como un arquitecto, interiorista, marmolista o tienda de cocina, queremos saber de t\u00ed.\u00a0D\u00e9janos tus datos a trav\u00e9s del formulario correspondiente y recibir\u00e1s una respuesta de nuestro equipo.NERO MARMOLES SL es el Responsable del tratamiento de los datos personales del usuario y le informa de que\u00a0estos datos se tratar\u00e1n [&hellip;]<\/p>","protected":false},"author":1,"featured_media":0,"parent":0,"menu_order":0,"comment_status":"closed","ping_status":"closed","template":"","meta":{"_et_pb_use_builder":"on","_et_pb_old_content":"<!-- wp:divi\/placeholder \/-->","_et_gb_content_width":"","_monsterinsights_skip_tracking":false,"_monsterinsights_sitenote_active":false,"_monsterinsights_sitenote_note":"","_monsterinsights_sitenote_category":0,"footnotes":""},"class_list":["post-16","page","type-page","status-publish","hentry"],"_links":{"self":[{"href":"https:\/\/www.neromarmoles.es\/en\/wp-json\/wp\/v2\/pages\/16","targetHints":{"allow":["GET"]}}],"collection":[{"href":"https:\/\/www.neromarmoles.es\/en\/wp-json\/wp\/v2\/pages"}],"about":[{"href":"https:\/\/www.neromarmoles.es\/en\/wp-json\/wp\/v2\/types\/page"}],"author":[{"embeddable":true,"href":"https:\/\/www.neromarmoles.es\/en\/wp-json\/wp\/v2\/users\/1"}],"replies":[{"embeddable":true,"href":"https:\/\/www.neromarmoles.es\/en\/wp-json\/wp\/v2\/comments?post=16"}],"version-history":[{"count":23,"href":"https:\/\/www.neromarmoles.es\/en\/wp-json\/wp\/v2\/pages\/16\/revisions"}],"predecessor-version":[{"id":1586,"href":"https:\/\/www.neromarmoles.es\/en\/wp-json\/wp\/v2\/pages\/16\/revisions\/1586"}],"wp:attachment":[{"href":"https:\/\/www.neromarmoles.es\/en\/wp-json\/wp\/v2\/media?parent=16"}],"curies":[{"name":"wp","href":"https:\/\/api.w.org\/{rel}","templated":true}]}}