{"id":18,"date":"2019-06-20T17:23:30","date_gmt":"2019-06-20T15:23:30","guid":{"rendered":"http:\/\/www.neromarmoles.es\/?page_id=18"},"modified":"2023-02-02T16:38:56","modified_gmt":"2023-02-02T15:38:56","slug":"empresa","status":"publish","type":"page","link":"https:\/\/www.neromarmoles.es\/en\/empresa\/","title":{"rendered":"Company"},"content":{"rendered":"<p>[et_pb_section fb_built=\u00bb1&#8243; next_background_color=\u00bb#f7f7f7&#8243; _builder_version=\u00bb4.16&#8243; background_color=\u00bb#f7f7f7&#8243; use_background_color_gradient=\u00bbon\u00bb background_color_gradient_stops=\u00bbrgba(26,27,31,0.44) 0%|rgba(26,27,31,0.79) 100%\u00bb background_color_gradient_overlays_image=\u00bbon\u00bb background_color_gradient_start=\u00bbrgba(26,27,31,0.44)\u00bb background_color_gradient_end=\u00bbrgba(26,27,31,0.79)\u00bb background_image=\u00bbhttps:\/\/www.neromarmoles.es\/wp-content\/uploads\/2019\/08\/Nero_1.jpg\u00bb custom_padding=\u00bb10em||10em||true|\u00bb top_divider_color=\u00bb#f7f7f7&#8243; bottom_divider_style=\u00bbmountains2&#8243; bottom_divider_flip=\u00bbhorizontal\u00bb background_last_edited=\u00bbon|phone\u00bb background_size_phone=\u00bbcover\u00bb background_position_phone=\u00bbtop_left\u00bb global_colors_info=\u00bb{}\u00bb][et_pb_row _builder_version=\u00bb4.16&#8243; width=\u00bb60%\u00bb width_tablet=\u00bb80%\u00bb width_phone=\u00bb\u00bb width_last_edited=\u00bbon|tablet\u00bb max_width=\u00bb100%\u00bb global_colors_info=\u00bb{}\u00bb][et_pb_column type=\u00bb4_4&#8243; _builder_version=\u00bb4.16&#8243; global_colors_info=\u00bb{}\u00bb][et_pb_text _builder_version=\u00bb4.16&#8243; header_font=\u00bb|700|||||||\u00bb header_text_color=\u00bb#f7f7f7&#8243; header_font_size=\u00bb50px\u00bb global_colors_info=\u00bb{}\u00bb]<\/p>\n<h1>Company<\/h1>\n<p>[\/et_pb_text][et_pb_divider divider_weight=\u00bb4px\u00bb _builder_version=\u00bb4.16&#8243; width=\u00bb30%\u00bb custom_margin=\u00bb||-10px|||\u00bb global_colors_info=\u00bb{}\u00bb][\/et_pb_divider][et_pb_text _builder_version=\u00bb4.16&#8243; text_font=\u00bb||||||||\u00bb text_text_color=\u00bb#f7f7f7&#8243; text_font_size=\u00bb18px\u00bb text_line_height=\u00bb2em\u00bb custom_padding=\u00bb2em|15em||\u00bb custom_padding_tablet=\u00bb|0em||\u00bb custom_padding_phone=\u00bb\u00bb custom_padding_last_edited=\u00bbon|phone\u00bb text_text_align=\u00bbleft\u00bb global_colors_info=\u00bb{}\u00bb]<\/p>\n<p>We are dedicated to the manufacture and elaboration of all types of marbles, stones and granites.<\/p>\n<p>[\/et_pb_text][et_pb_button button_url=\u00bbhttps:\/\/www.neromarmoles.es\/wp-content\/uploads\/2019\/08\/NERO-CATALOG1.pdf\u00bb url_new_window=\u00bbon\u00bb button_text=\u00bbDescargar PDF\u00bb _builder_version=\u00bb4.16&#8243; custom_button=\u00bbon\u00bb button_text_size=\u00bb16px\u00bb button_text_color=\u00bb#1a1b1f\u00bb button_bg_color=\u00bb#fcd309&#8243; button_border_width=\u00bb0px\u00bb button_font=\u00bb||||||||\u00bb global_colors_info=\u00bb{}\u00bb][\/et_pb_button][\/et_pb_column][\/et_pb_row][\/et_pb_section][et_pb_section fb_built=\u00bb1&#8243; _builder_version=\u00bb4.16&#8243; background_color=\u00bb#f7f7f7&#8243; custom_padding=\u00bb8em||8em||true|\u00bb top_divider_style=\u00bbmountains2&#8243; top_divider_color=\u00bb#f7f7f7&#8243; bottom_divider_color=\u00bb#fcd309&#8243; global_colors_info=\u00bb{}\u00bb][et_pb_row use_custom_gutter=\u00bbon\u00bb gutter_width=\u00bb2&#8243; make_equal=\u00bbon\u00bb _builder_version=\u00bb4.16&#8243; width=\u00bb60%\u00bb width_tablet=\u00bb80%\u00bb width_phone=\u00bb\u00bb width_last_edited=\u00bbon|tablet\u00bb max_width=\u00bb100%\u00bb animation_style=\u00bbslide\u00bb animation_direction=\u00bbbottom\u00bb animation_duration=\u00bb1250ms\u00bb animation_delay=\u00bb25ms\u00bb animation_intensity_slide=\u00bb25%\u00bb global_colors_info=\u00bb{}\u00bb][et_pb_column type=\u00bb4_4&#8243; _builder_version=\u00bb4.16&#8243; custom_padding=\u00bb|||\u00bb global_colors_info=\u00bb{}\u00bb custom_padding__hover=\u00bb|||\u00bb][et_pb_text _builder_version=\u00bb4.16&#8243; header_font=\u00bb||||||||\u00bb header_2_font=\u00bb|700|||||||\u00bb header_2_text_color=\u00bb#1a1b1f\u00bb header_2_font_size=\u00bb40px\u00bb header_4_font=\u00bb|600|||||||\u00bb header_4_text_color=\u00bb#fcd309&#8243; custom_margin=\u00bb0em|||||\u00bb global_colors_info=\u00bb{}\u00bb]<\/p>\n<h4>About<\/h4>\n<h2>The company<\/h2>\n<p>[\/et_pb_text][et_pb_divider divider_weight=\u00bb4px\u00bb _builder_version=\u00bb4.16&#8243; width=\u00bb30%\u00bb custom_margin=\u00bb-1em||\u00bb global_colors_info=\u00bb{}\u00bb][\/et_pb_divider][et_pb_text _builder_version=\u00bb4.16&#8243; text_font=\u00bb||||||||\u00bb text_text_color=\u00bb#1a1b1f\u00bb text_font_size=\u00bb16px\u00bb text_line_height=\u00bb2.3em\u00bb header_font=\u00bb||||||||\u00bb custom_padding=\u00bb||3em\u00bb global_colors_info=\u00bb{}\u00bb text_text_align_phone=\u00bbjustify\u00bb text_text_align_last_edited=\u00bbon|desktop\u00bb]<\/p>\n<p class=\" translation-block\"><span style=\"color: #1a1b1f\"><strong>Nero Marmoles S.L. <\/strong><\/span>has a long history in the natural stone industry. It is a company dedicated to the manufacture and elaboration of all types of marbles, stones and granites. Always offering to all professionals in the sector a wide range of products and finishes.<\/p>\n<p class=\" translation-block\">The company stands out thanks to its flagship product, the <strong>Black Marquina<\/strong>, in addition to the wide range of materials in stock. Within its facilities it includes an elaboration workshop (available for the elaboration of <strong>personalized projects<\/strong>, of <strong>exclusive attention to marbleists<\/strong>).<\/p>\n<p class=\" translation-block\"><strong>The success<\/strong> reaped by Nero M\u00e1rmoles S.L. It is due, in large part, to the <strong>rigor<\/strong> and <strong>quality assurance<\/strong> that govern the work criteria, as well as to the <strong>personalized monitoring<\/strong> of our clients, satisfying their demands and needs at all times.<\/p>\n<p class=\" translation-block\"><strong>The trust<\/strong> placed by each of them is what moves us to continue working with the same enthusiasm, <strong>dedication<\/strong> and <strong>delivery<\/strong> as the first day.<\/p>\n<p>[\/et_pb_text][et_pb_image src=\u00bbhttps:\/\/www.neromarmoles.es\/wp-content\/uploads\/2019\/09\/NeroMarmoles_fabric_14-Pano.jpg\u00bb _builder_version=\u00bb4.16&#8243; global_colors_info=\u00bb{}\u00bb][\/et_pb_image][\/et_pb_column][\/et_pb_row][et_pb_row column_structure=\u00bb1_2,1_2&#8243; make_equal=\u00bbon\u00bb custom_padding_last_edited=\u00bbon|desktop\u00bb _builder_version=\u00bb4.16&#8243; width=\u00bb60%\u00bb width_tablet=\u00bb80%\u00bb width_phone=\u00bb\u00bb width_last_edited=\u00bbon|desktop\u00bb max_width=\u00bb100%\u00bb custom_padding_tablet=\u00bb\u00bb custom_padding_phone=\u00bb0px||0px\u00bb global_colors_info=\u00bb{}\u00bb][et_pb_column type=\u00bb1_2&#8243; _builder_version=\u00bb4.16&#8243; global_colors_info=\u00bb{}\u00bb][et_pb_image src=\u00bbhttps:\/\/www.neromarmoles.es\/wp-content\/uploads\/2019\/09\/NeroMarmoles_fabric_10.jpg\u00bb _builder_version=\u00bb4.16&#8243; global_colors_info=\u00bb{}\u00bb][\/et_pb_image][\/et_pb_column][et_pb_column type=\u00bb1_2&#8243; _builder_version=\u00bb4.16&#8243; global_colors_info=\u00bb{}\u00bb][et_pb_image src=\u00bbhttps:\/\/www.neromarmoles.es\/wp-content\/uploads\/2019\/11\/grua-nero.jpg\u00bb _builder_version=\u00bb4.16&#8243; global_colors_info=\u00bb{}\u00bb][\/et_pb_image][\/et_pb_column][\/et_pb_row][et_pb_row make_equal=\u00bbon\u00bb _builder_version=\u00bb4.16&#8243; width=\u00bb60%\u00bb width_tablet=\u00bb80%\u00bb width_phone=\u00bb\u00bb width_last_edited=\u00bbon|desktop\u00bb max_width=\u00bb100%\u00bb custom_padding=\u00bb||0px|||\u00bb global_colors_info=\u00bb{}\u00bb][et_pb_column type=\u00bb4_4&#8243; _builder_version=\u00bb4.16&#8243; global_colors_info=\u00bb{}\u00bb][et_pb_image src=\u00bbhttps:\/\/www.neromarmoles.es\/wp-content\/uploads\/2019\/08\/Nero_1.jpg\u00bb _builder_version=\u00bb4.16&#8243; global_colors_info=\u00bb{}\u00bb][\/et_pb_image][\/et_pb_column][\/et_pb_row][\/et_pb_section][et_pb_section fb_built=\u00bb1&#8243; module_id=\u00bbempresa\u00bb _builder_version=\u00bb4.16&#8243; background_color=\u00bb#f7f7f7&#8243; use_background_color_gradient=\u00bbon\u00bb background_color_gradient_stops=\u00bbrgba(26,27,31,0.79) 0%|rgba(26,27,31,0.79) 100%\u00bb background_color_gradient_start=\u00bbrgba(26,27,31,0.79)\u00bb background_color_gradient_end=\u00bbrgba(26,27,31,0.79)\u00bb background_image=\u00bbhttps:\/\/www.neromarmoles.es\/wp-content\/uploads\/2019\/07\/cantera2.jpg\u00bb parallax=\u00bbon\u00bb parallax_method=\u00bboff\u00bb custom_padding=\u00bb8em||8em||true\u00bb top_divider_style=\u00bbmountains2&#8243; top_divider_color=\u00bb#f7f7f7&#8243; bottom_divider_flip=\u00bbhorizontal\u00bb global_colors_info=\u00bb{}\u00bb][et_pb_row _builder_version=\u00bb4.16&#8243; max_width=\u00bb100%\u00bb custom_margin=\u00bb10em||5em||false\u00bb animation_style=\u00bbslide\u00bb animation_direction=\u00bbbottom\u00bb animation_duration=\u00bb1250ms\u00bb animation_delay=\u00bb250ms\u00bb animation_intensity_slide=\u00bb25%\u00bb global_colors_info=\u00bb{}\u00bb][et_pb_column type=\u00bb4_4&#8243; _builder_version=\u00bb4.16&#8243; global_colors_info=\u00bb{}\u00bb][et_pb_text _builder_version=\u00bb4.16&#8243; header_font=\u00bb||||||||\u00bb header_2_font=\u00bb|700|||||||\u00bb header_2_text_align=\u00bbleft\u00bb header_2_text_color=\u00bb#fcd309&#8243; header_2_font_size=\u00bb40px\u00bb header_5_font=\u00bb||||||||\u00bb header_5_text_color=\u00bb#fcd309&#8243; animation_style=\u00bbslide\u00bb animation_direction=\u00bbbottom\u00bb global_colors_info=\u00bb{}\u00bb]<\/p>\n<h2 style=\"text-align: center;\"><span color=\"#1a1b1f\" style=\"color: #f7f7f7;\">Quarries<\/span><\/h2>\n<p>[\/et_pb_text][et_pb_divider divider_weight=\u00bb5px\u00bb _builder_version=\u00bb4.16&#8243; width=\u00bb10%\u00bb module_alignment=\u00bbcenter\u00bb custom_margin=\u00bb-2em||\u00bb animation_style=\u00bbslide\u00bb animation_direction=\u00bbbottom\u00bb global_colors_info=\u00bb{}\u00bb][\/et_pb_divider][\/et_pb_column][\/et_pb_row][\/et_pb_section][et_pb_section fb_built=\u00bb1&#8243; _builder_version=\u00bb4.16&#8243; background_color=\u00bb#f7f7f7&#8243; custom_padding=\u00bb0px||4%||false|\u00bb global_colors_info=\u00bb{}\u00bb][et_pb_row use_custom_gutter=\u00bbon\u00bb gutter_width=\u00bb1&#8243; _builder_version=\u00bb4.16&#8243; width=\u00bb60%\u00bb width_tablet=\u00bb80%\u00bb width_phone=\u00bb\u00bb width_last_edited=\u00bbon|tablet\u00bb max_width=\u00bb100%\u00bb custom_margin=\u00bb||0px\u00bb custom_padding=\u00bb||0px\u00bb animation_style=\u00bbslide\u00bb animation_direction=\u00bbbottom\u00bb global_colors_info=\u00bb{}\u00bb][et_pb_column type=\u00bb4_4&#8243; _builder_version=\u00bb4.16&#8243; global_colors_info=\u00bb{}\u00bb][et_pb_gallery gallery_ids=\u00bb222,223,224,225&#8243; orientation=\u00bbportrait\u00bb show_title_and_caption=\u00bboff\u00bb show_pagination=\u00bboff\u00bb zoom_icon_color=\u00bb#fcd309&#8243; hover_overlay_color=\u00bbrgba(26,27,31,0.63)\u00bb _builder_version=\u00bb4.16&#8243; custom_margin=\u00bb-12em||\u00bb custom_padding=\u00bb0px||0px|||\u00bb border_radii=\u00bbon|0em|0em|0em|0em\u00bb border_width_all=\u00bb4px\u00bb border_color_all=\u00bbrgba(0,0,0,0)\u00bb global_colors_info=\u00bb{}\u00bb][\/et_pb_gallery][\/et_pb_column][\/et_pb_row][et_pb_row column_structure=\u00bb1_2,1_2&#8243; _builder_version=\u00bb4.16&#8243; background_color=\u00bbrgba(26,27,31,0.02)\u00bb width=\u00bb60%\u00bb width_tablet=\u00bb80%\u00bb width_phone=\u00bb\u00bb width_last_edited=\u00bbon|desktop\u00bb max_width=\u00bb100%\u00bb custom_margin=\u00bb3em||5em||false\u00bb animation_style=\u00bbslide\u00bb animation_direction=\u00bbbottom\u00bb border_width_left=\u00bb5px\u00bb border_color_left=\u00bb#fcd309&#8243; global_colors_info=\u00bb{}\u00bb][et_pb_column type=\u00bb1_2&#8243; _builder_version=\u00bb4.16&#8243; global_colors_info=\u00bb{}\u00bb][et_pb_text _builder_version=\u00bb4.16&#8243; text_font=\u00bb||||||||\u00bb text_text_color=\u00bb#1a1b1f\u00bb text_font_size=\u00bb16px\u00bb text_line_height=\u00bb2em\u00bb custom_padding=\u00bb|3em||3em||false\u00bb global_colors_info=\u00bb{}\u00bb text_text_align_phone=\u00bbjustify\u00bb text_text_align_last_edited=\u00bbon|desktop\u00bb]<\/p>\n<p class=\" translation-block\">The <strong>Black Marquina<\/strong> quarry is the hallmark of Nero Marbles. Marble specialization and proximity in service provision have a clear objective:<\/p>\n<p>[\/et_pb_text][\/et_pb_column][et_pb_column type=\u00bb1_2&#8243; _builder_version=\u00bb4.16&#8243; global_colors_info=\u00bb{}\u00bb][et_pb_text _builder_version=\u00bb4.16&#8243; text_font=\u00bb||||||||\u00bb text_text_color=\u00bb#1a1b1f\u00bb text_font_size=\u00bb16px\u00bb text_line_height=\u00bb2em\u00bb custom_padding=\u00bb|0px||0em||false\u00bb custom_padding_tablet=\u00bb|3em||3em||true\u00bb custom_padding_phone=\u00bb\u00bb custom_padding_last_edited=\u00bbon|tablet\u00bb global_colors_info=\u00bb{}\u00bb text_text_align_phone=\u00bbjustify\u00bb text_text_align_last_edited=\u00bbon|desktop\u00bb]<\/p>\n<p><em>Offer the best with maximum competitiveness and the highest quality assurance. Based on these values, we build a solid and dynamic company within the world of natural stone.<\/em><\/p>\n<p>[\/et_pb_text][\/et_pb_column][\/et_pb_row][\/et_pb_section][et_pb_section fb_built=\u00bb1&#8243; _builder_version=\u00bb4.16&#8243; background_color=\u00bb#1a1b1f\u00bb parallax=\u00bbon\u00bb custom_margin=\u00bb||\u00bb custom_padding=\u00bb15em||15em||false|\u00bb top_divider_style=\u00bbslant\u00bb top_divider_color=\u00bb#f7f7f7&#8243; global_colors_info=\u00bb{}\u00bb][et_pb_row _builder_version=\u00bb4.16&#8243; width=\u00bb60%\u00bb width_tablet=\u00bb80%\u00bb width_phone=\u00bb\u00bb width_last_edited=\u00bbon|desktop\u00bb max_width=\u00bb100%\u00bb global_colors_info=\u00bb{}\u00bb][et_pb_column type=\u00bb4_4&#8243; _builder_version=\u00bb4.16&#8243; global_colors_info=\u00bb{}\u00bb][et_pb_text _builder_version=\u00bb4.16&#8243; text_font=\u00bb||||||||\u00bb text_text_color=\u00bb#f7f7f7&#8243; text_font_size=\u00bb16px\u00bb text_line_height=\u00bb2em\u00bb header_font=\u00bb||||||||\u00bb header_2_font=\u00bb|700|||||||\u00bb header_2_text_color=\u00bb#f7f7f7&#8243; header_2_font_size=\u00bb35px\u00bb global_colors_info=\u00bb{}\u00bb]<\/p>\n<h2>Fairs<\/h2>\n<p>[\/et_pb_text][et_pb_divider divider_weight=\u00bb4px\u00bb _builder_version=\u00bb4.16&#8243; width=\u00bb30%\u00bb custom_margin=\u00bb-1em||-1em||false|\u00bb global_colors_info=\u00bb{}\u00bb][\/et_pb_divider][\/et_pb_column][\/et_pb_row][et_pb_row column_structure=\u00bb1_2,1_2&#8243; use_custom_gutter=\u00bbon\u00bb make_equal=\u00bbon\u00bb _builder_version=\u00bb4.16&#8243; width=\u00bb60%\u00bb width_tablet=\u00bb80%\u00bb width_phone=\u00bb\u00bb width_last_edited=\u00bbon|desktop\u00bb max_width=\u00bb100%\u00bb custom_padding=\u00bb0px|||0px||\u00bb global_colors_info=\u00bb{}\u00bb][et_pb_column type=\u00bb1_2&#8243; _builder_version=\u00bb4.16&#8243; global_colors_info=\u00bb{}\u00bb][et_pb_text _builder_version=\u00bb4.16&#8243; text_font=\u00bb||||||||\u00bb text_text_color=\u00bb#f7f7f7&#8243; text_font_size=\u00bb16px\u00bb text_line_height=\u00bb2em\u00bb global_colors_info=\u00bb{}\u00bb text_text_align_phone=\u00bbjustify\u00bb text_text_align_last_edited=\u00bbon|desktop\u00bb]<\/p>\n<p>Nero Marmoles has been presented for several years and consecutively at the Marmomacc fair (Verona). Showing in its stands always and exclusively its main material the Black Marquina.<\/p>\n<p>[\/et_pb_text][\/et_pb_column][et_pb_column type=\u00bb1_2&#8243; _builder_version=\u00bb4.16&#8243; global_colors_info=\u00bb{}\u00bb][et_pb_text _builder_version=\u00bb4.16&#8243; text_font=\u00bb||||||||\u00bb text_text_color=\u00bb#f7f7f7&#8243; text_font_size=\u00bb16px\u00bb text_line_height=\u00bb2em\u00bb global_colors_info=\u00bb{}\u00bb text_text_align_phone=\u00bbjustify\u00bb text_text_align_last_edited=\u00bbon|desktop\u00bb]<\/p>\n<p>For the company, participating in this type of event is of great relevance as it offers the opportunity to establish a direct relationship with clients from different countries, as well as to be known internationally.<\/p>\n<p>[\/et_pb_text][\/et_pb_column][\/et_pb_row][et_pb_row column_structure=\u00bb1_2,1_2&#8243; use_custom_gutter=\u00bbon\u00bb make_equal=\u00bbon\u00bb _builder_version=\u00bb4.16&#8243; width=\u00bb60%\u00bb width_tablet=\u00bb80%\u00bb width_phone=\u00bb\u00bb width_last_edited=\u00bbon|desktop\u00bb max_width=\u00bb100%\u00bb custom_padding=\u00bb|||0px||\u00bb global_colors_info=\u00bb{}\u00bb][et_pb_column type=\u00bb1_2&#8243; _builder_version=\u00bb4.16&#8243; global_colors_info=\u00bb{}\u00bb][et_pb_gallery gallery_ids=\u00bb239,238,237,236&#8243; fullwidth=\u00bbon\u00bb _builder_version=\u00bb4.16&#8243; border_width_all=\u00bb1px\u00bb border_color_all=\u00bb#fcd309&#8243; global_colors_info=\u00bb{}\u00bb][\/et_pb_gallery][\/et_pb_column][et_pb_column type=\u00bb1_2&#8243; _builder_version=\u00bb4.16&#8243; global_colors_info=\u00bb{}\u00bb][et_pb_gallery gallery_ids=\u00bb587,588,589,590,591&#8243; fullwidth=\u00bbon\u00bb _builder_version=\u00bb4.16&#8243; border_width_all=\u00bb1px\u00bb border_color_all=\u00bb#fcd309&#8243; global_colors_info=\u00bb{}\u00bb][\/et_pb_gallery][\/et_pb_column][\/et_pb_row][\/et_pb_section][et_pb_section fb_built=\u00bb1&#8243; _builder_version=\u00bb4.19.5&#8243; background_color=\u00bb#1a1b1f\u00bb background_image=\u00bbhttps:\/\/www.neromarmoles.es\/wp-content\/uploads\/2019\/06\/contacto.png\u00bb custom_padding=\u00bb6%||6%||true\u00bb top_divider_color=\u00bb#e7e7e7&#8243; hover_enabled=\u00bb0&#8243; global_module=\u00bb1120&#8243; saved_tabs=\u00bball\u00bb global_colors_info=\u00bb{}\u00bb sticky_enabled=\u00bb0&#8243;][et_pb_row column_structure=\u00bb1_2,1_2&#8243; _builder_version=\u00bb4.16&#8243; custom_padding=\u00bb103px||0px|||\u00bb animation_style=\u00bbslide\u00bb animation_direction=\u00bbleft\u00bb animation_duration=\u00bb1500ms\u00bb animation_delay=\u00bb50ms\u00bb animation_intensity_slide=\u00bb25%\u00bb global_colors_info=\u00bb{}\u00bb][et_pb_column type=\u00bb1_2&#8243; _builder_version=\u00bb4.16&#8243; custom_padding=\u00bb|||\u00bb global_colors_info=\u00bb{}\u00bb custom_padding__hover=\u00bb|||\u00bb][et_pb_text _builder_version=\u00bb4.19.5&#8243; header_font=\u00bb||||||||\u00bb header_2_font=\u00bb|700|||||||\u00bb header_2_text_color=\u00bb#fcd309&#8243; header_2_font_size=\u00bb50px\u00bb global_colors_info=\u00bb{}\u00bb]<\/p>\n<h2>Contact<\/h2>\n<p>[\/et_pb_text][et_pb_text _builder_version=\u00bb4.16&#8243; text_font=\u00bb||||||||\u00bb text_text_color=\u00bbrgba(247,247,247,0.58)\u00bb text_line_height=\u00bb2em\u00bb custom_margin=\u00bb-14px||\u00bb global_colors_info=\u00bb{}\u00bb]<\/p>\n<p>In Nero M\u00e1rmoles we are at your disposal to answer any questions you have about our company and the installation or distribution of our products.<\/p>\n<p>[\/et_pb_text][et_pb_button button_url=\u00bbhttps:\/\/www.neromarmoles.es\/contacto\/\u00bb button_text=\u00bbIR A P\u00c1GINA\u00bb button_alignment=\u00bbleft\u00bb _builder_version=\u00bb4.19.5&#8243; custom_button=\u00bbon\u00bb button_text_color=\u00bb#f7f7f7&#8243; button_border_width=\u00bb1px\u00bb button_border_color=\u00bb#f7f7f7&#8243; button_border_radius=\u00bb0px\u00bb button_letter_spacing=\u00bb1px\u00bb button_font=\u00bb|300|||||||\u00bb animation_style=\u00bbslide\u00bb animation_direction=\u00bbbottom\u00bb animation_duration=\u00bb1500ms\u00bb animation_delay=\u00bb50ms\u00bb animation_intensity_slide=\u00bb25%\u00bb global_colors_info=\u00bb{}\u00bb][\/et_pb_button][\/et_pb_column][et_pb_column type=\u00bb1_2&#8243; _builder_version=\u00bb4.16&#8243; custom_padding=\u00bb|||\u00bb global_colors_info=\u00bb{}\u00bb custom_padding__hover=\u00bb|||\u00bb][\/et_pb_column][\/et_pb_row][\/et_pb_section]<\/p>","protected":false},"excerpt":{"rendered":"<p>EmpresaNos dedicamos a la fabricaci\u00f3n y elaboraci\u00f3n de todo tipo de m\u00e1rmoles, piedras y granitos.Sobre NosotrosNero M\u00e1rmoles S.L. cuenta con una larga trayectoria en el sector de la piedra natural. Es una empresa dedicada a la fabricaci\u00f3n y elaboraci\u00f3n de todo tipo de m\u00e1rmoles, piedras y granitos. Ofreciendo siempre a todos los profesionales del sector [&hellip;]<\/p>","protected":false},"author":1,"featured_media":0,"parent":0,"menu_order":0,"comment_status":"closed","ping_status":"closed","template":"","meta":{"_et_pb_use_builder":"on","_et_pb_old_content":"<!-- wp:divi\/placeholder \/-->","_et_gb_content_width":"","_monsterinsights_skip_tracking":false,"_monsterinsights_sitenote_active":false,"_monsterinsights_sitenote_note":"","_monsterinsights_sitenote_category":0,"footnotes":""},"class_list":["post-18","page","type-page","status-publish","hentry"],"_links":{"self":[{"href":"https:\/\/www.neromarmoles.es\/en\/wp-json\/wp\/v2\/pages\/18","targetHints":{"allow":["GET"]}}],"collection":[{"href":"https:\/\/www.neromarmoles.es\/en\/wp-json\/wp\/v2\/pages"}],"about":[{"href":"https:\/\/www.neromarmoles.es\/en\/wp-json\/wp\/v2\/types\/page"}],"author":[{"embeddable":true,"href":"https:\/\/www.neromarmoles.es\/en\/wp-json\/wp\/v2\/users\/1"}],"replies":[{"embeddable":true,"href":"https:\/\/www.neromarmoles.es\/en\/wp-json\/wp\/v2\/comments?post=18"}],"version-history":[{"count":64,"href":"https:\/\/www.neromarmoles.es\/en\/wp-json\/wp\/v2\/pages\/18\/revisions"}],"predecessor-version":[{"id":1589,"href":"https:\/\/www.neromarmoles.es\/en\/wp-json\/wp\/v2\/pages\/18\/revisions\/1589"}],"wp:attachment":[{"href":"https:\/\/www.neromarmoles.es\/en\/wp-json\/wp\/v2\/media?parent=18"}],"curies":[{"name":"wp","href":"https:\/\/api.w.org\/{rel}","templated":true}]}}